{"id":2612,"date":"2020-03-18T09:42:20","date_gmt":"2020-03-18T09:42:20","guid":{"rendered":"https:\/\/www.turmaden.com\/avis-legal\/"},"modified":"2020-03-18T09:44:29","modified_gmt":"2020-03-18T09:44:29","slug":"avis-legal","status":"publish","type":"page","link":"https:\/\/www.turmaden.com\/ca\/avis-legal\/","title":{"rendered":"Av\u00eds legal"},"content":{"rendered":"<section class=\"l-section wpb_row us_custom_c1e8dcb4 height_medium\"><div class=\"l-section-h i-cf\"><div class=\"g-cols vc_row via_flex valign_top type_default stacking_default\"><div class=\"vc_col-sm-12 wpb_column vc_column_container us_animate_afb\"><div class=\"vc_column-inner\"><div class=\"wpb_wrapper\"><div class=\"wpb_text_column\"><div class=\"wpb_wrapper\"><p>En compliment de la Llei 34\/2002, de 11 de juliol, de Serveis de la Societat de la Informaci\u00f3 i de Comer\u00e7 Electr\u00f2nic (LSSI-CE), Turmad\u00e8n d&#8217;es Capit\u00e0, SRM informa que \u00e9s titular del lloc web: beta.turmaden .com. D&#8217;acord amb l&#8217;exig\u00e8ncia de l&#8217;article 10 de l&#8217;esmentada Llei, Turmad\u00e8n d&#8217;es Capit\u00e0, SRM informa de les seg\u00fcents dades:<\/p>\n<p>El titular d&#8217;aquest lloc web \u00e9s Turmad\u00e8n d&#8217;es Capit\u00e0, SRM amb CIF E57302069 i domicili social en Ctra. D&#8217;es Migjorn, km, 1 07730 Alaior (Illes Balears). L&#8217;adre\u00e7a de correu electr\u00f2nic de contacte amb l&#8217;empresa \u00e9s: info@turmaden.com.<\/p>\n<p><strong>USUARI I R\u00c8GIM DE RESPONSABILITATS:<\/strong><\/p>\n<p>La navegaci\u00f3, acc\u00e9s i \u00fas pel lloc web de Turmad\u00e8n d&#8217;es Capit\u00e0, SRM confereix la condici\u00f3 d&#8217;usuari, per la que s&#8217;accepten, des de la navegaci\u00f3 pel lloc web de Turmad\u00e8n d&#8217;es Capit\u00e0, SRM totes les condicions d&#8217;\u00fas aqu\u00ed establertes sense perjudici de l&#8217;aplicaci\u00f3 de la corresponent normativa d&#8217;obligat compliment legal segons el cas.<\/p>\n<p>El lloc web deTurmad\u00e8n d&#8217;es Capit\u00e0, SRM proporciona gran diversitat d&#8217;informaci\u00f3, serveis i dades. L&#8217;usuari assumeix la seva responsabilitat en l&#8217;\u00fas correcte de la p\u00e0gina web. Aquesta responsabilitat s&#8217;estendr\u00e0 a:<\/p>\n<p>\u2022 La veracitat i licitud de les informacions aportades per l&#8217;usuari en els formularis facilitats per Turmad\u00e8n d&#8217;es Capit\u00e0, SRM ara l&#8217;acc\u00e9s a determinats continguts o serveis oferts pel web.<\/p>\n<p>\u2022 L&#8217;\u00fas de la informaci\u00f3, serveis i dades ofertes porTurmad\u00e8n d&#8217;es Capit\u00e0, SRM contr\u00e0riament a all\u00f2 disposat per les presents condicions, la Llei, la moral, els bons costums o l&#8217;ordre p\u00fablic, o que de qualsevol altre forma pugui suposar lesi\u00f3 dels drets de tercers o de la mateixa funcionament del lloc web.<\/p>\n<p><strong>POL\u00cdTICA D&#8217;ENLLA\u00c7OS I EXEMPCIONS DE RESPONSABILITAT:<\/strong><\/p>\n<p>Turmad\u00e8n d&#8217;es Capit\u00e0, SRM no es fa responsable de l&#8217;contingut dels llocs web als quals l&#8217;usuari pugui accedir a trav\u00e9s dels enlla\u00e7os establerts en el seu lloc web i declara que en cap cas procedir\u00e0 a examinar o exercitar cap tipus de control sobre el contingut d&#8217;altres llocs de la xarxa. Aix\u00ed mateix, tampoc garantir\u00e0 la disponibilitat t\u00e8cnica, exactitud, veracitat, validesa o legalitat de llocs aliens a la seva propietat als quals es pugui accedir per mitj\u00e0 dels enlla\u00e7os.<\/p>\n<p>Turmad\u00e8n d&#8217;es Capit\u00e0, SRM declara haver adoptat totes les mesures necess\u00e0ries per evitar qualsevol dada als usuaris del seu lloc web, que poguessin derivar-se de la navegaci\u00f3 pel seu lloc web. En conseq\u00fc\u00e8ncia Turmad\u00e8n d&#8217;es Capit\u00e0, SRM no es fa responsable, en cap cas, dels eventuals dades que per la navegaci\u00f3 per internet pogu\u00e9s patir l&#8217;usuari.<\/p>\n<p><strong>MODIFICACIONS:<\/strong><\/p>\n<p>Turmad\u00e8n d&#8217;es Capit\u00e0, SRM es reserva el dret a realitzar les modificacions que consideri oportunes, sense av\u00eds previ, en el contingut del seu lloc web. Tant pel que fa als continguts de la p\u00e0gina web, com en les condicions d&#8217;\u00fas de la mateixa. Aquestes modificacions podran realitzar-se a trav\u00e9s del seu lloc web per qualsevol forma admissible en dret i seran d&#8217;obligat compliment durant el temps en qu\u00e8 es trobin publicades en la web i fins que no siguin modificades v\u00e0lidament per altres posteriors.<\/p>\n<p><strong>PROTECCI\u00d3 DE DADES:<\/strong><\/p>\n<p>De conformitat amb el que estableix la Llei Org\u00e0nica 15\/1999 de Protecci\u00f3 de Dades de Car\u00e0cter Personal (LOPD), Turmad\u00e8n d&#8217;es Capit\u00e0, SRM informa als usuaris del seu lloc web que les dades personals recollides per l&#8217;empresa, mitjan\u00e7ant els formularis a les seves p\u00e0gines, seran introdu\u00efts en un fitxer automatitzat sota la responsabilitat de Turmad\u00e8n d&#8217;es Capit\u00e0, SRM, amb la finalitat de poder facilitar, agilitzar i complir els compromisos establerts entre ambdues parts.<\/p>\n<p>S&#8217;entendr\u00e0 que l&#8217;usuari accepta les condicions establertes a l&#8217;polsar &#8220;ENVIAR&#8221; que es troba en els formularis de recollida de dades. Aix\u00ed mateix Turmad\u00e8n d&#8217;es Capit\u00e0, SRM informa de la possibilitat d&#8217;exercir els drets d&#8217;acc\u00e9s, rectificaci\u00f3, cancel\u00b7laci\u00f3 i oposici\u00f3 mitjan\u00e7ant un escrit a l&#8217;adre\u00e7a: Ctra. D&#8217;es Migjorn, km, 1 07730 Alaior (Illes Balears). Mentre l&#8217;usuari no comuniqui el contrari a Turmad\u00e8n d&#8217;es Capit\u00e0, SRM aquest s&#8217;entendr\u00e0 que les seves dades no han estat modificades, que l&#8217;usuari es compromet a notificar a Turmad\u00e8n d&#8217;es Capit\u00e0, SRM qualsevol variaci\u00f3 i que Turmad\u00e8n d&#8217;es Capit\u00e0, SRM t\u00e9 el consentiment per utilitzar a fi de poder fidelitzar la relaci\u00f3 entre les parts.<\/p>\n<p><strong>PROPIETAT INTEL\u00b7LECTUAL I INDUSTRIAL:<\/strong><\/p>\n<p>Turmad\u00e8n d&#8217;es Capit\u00e0, SRM per si mateixa o com a cession\u00e0ria, \u00e9s titular de tots els drets de propietat intel\u00b7lectual i industrial del seu p\u0417gina web, aix\u00ed com dels elements continguts en la mateixa t\u00edtol enunciatiu, imatges, so, \u00e0udio, v\u00eddeo, programari o textos; marques o logotips, combinacions de colors, estructura i disseny, selecci\u00f3 de materials usats, programes d&#8217;ordinador necessaris per al seu funcionament, acc\u00e9s i \u00fas, etc.), titularitat de Turmad\u00e8n d&#8217;es Capit\u00e0, SRM seran, per tant, obres protegides com propietat intel\u00b7lectual per l&#8217;ordenament jur\u00eddic espanyol, ser\u00e0 d&#8217;aplicaci\u00f3 tant la normativa espanyola i comunit\u00e0ria en aquest camp, com els tractats internacionals relatius a la mat\u00e8ria i subscrits per Espanya.<\/p>\n<p>Tots els drets reservats. En virtut del que disposen els articles 8 i 32.1, par\u00e0graf segon, de la Llei de Propietat Intel\u00b7lectual, queden expressament prohibides la reproducci\u00f3, la distribuci\u00f3 i la comunicaci\u00f3 p\u00fablica, inclosa la seva modalitat de posada a disposici\u00f3, de la totalitat o part dels continguts d&#8217;aquesta p\u00e0gina web, amb fins comercials, en qualsevol suport i per qualsevol mitj\u00e0 t\u00e8cnic, sense l&#8217;autoritzaci\u00f3 de Turmad\u00e8n d&#8217;es Capit\u00e0, SRM<\/p>\n<p>L&#8217;usuari es compromet a respectar els drets de Propietat Intel\u00b7lectual i Industrial titularitat de Turmad\u00e8n d&#8217;es Capit\u00e0, SRM Podr\u00e0 visualitzar els elements de el portal i fins i tot imprimir-los, copiar-los i emmagatzemar-los al disc dur del seu ordinador o en qualsevol altre suport f\u00edsic sempre i quan sigui, \u00fanica i exclusivament, per al seu \u00fas personal i privat. L&#8217;usuari haur\u00e0 d&#8217;abstenir-se de suprimir, alterar, eludir o manipular qualsevol dispositiu de protecci\u00f3 o sistema de seguretat que estigu\u00e9s instal\u00b7lat a les p\u00e0gines de Turmad\u00e8n d&#8217;es Capit\u00e0.<\/p>\n<p><strong>ACCIONS LEGALS, LEGISLACI\u00d3 APLICABLE I JURISDICCI\u00d3:<\/strong><\/p>\n<p>Turmad\u00e8n d&#8217;es Capit\u00e0, SRM es reserva, aix\u00ed mateix, la facultat de presentar les accions civils o penals que consideri oportunes per la utilitzaci\u00f3 indeguda del seu lloc web i continguts, o per l&#8217;incompliment de les presents condicions.<\/p>\n<p>La relaci\u00f3 entre l&#8217;usuari i el prestador es regir\u00e0 per la normativa vigent i d&#8217;aplicaci\u00f3 en el territori espanyol. De sorgir qualsevol controv\u00e8rsia les parts podran sotmetre els seus conflictes a arbitratge o acudir a la jurisdicci\u00f3 ordin\u00e0ria complint amb les normes sobre jurisdicci\u00f3 i compet\u00e8ncia a l&#8217;respecte Turmad\u00e8n d&#8217;es Capit\u00e0, SRM t\u00e9 el domicili a ILLES BALEARS, Espanya.<\/p>\n<\/div><\/div><\/div><\/div><\/div><\/div><\/div><\/section>\n","protected":false},"excerpt":{"rendered":"En compliment de la Llei 34\/2002, de 11 de juliol, de Serveis de la Societat de la Informaci\u00f3 i de Comer\u00e7 Electr\u00f2nic (LSSI-CE), Turmad\u00e8n d&#8217;es Capit\u00e0, SRM informa que \u00e9s titular del lloc web: beta.turmaden .com. D&#8217;acord amb l&#8217;exig\u00e8ncia de l&#8217;article 10 de l&#8217;esmentada Llei, Turmad\u00e8n d&#8217;es Capit\u00e0, SRM informa de les seg\u00fcents dades: El...","protected":false},"author":5,"featured_media":0,"parent":0,"menu_order":0,"comment_status":"closed","ping_status":"closed","template":"","meta":{"footnotes":""},"class_list":["post-2612","page","type-page","status-publish","hentry"],"yoast_head":"<!-- This site is optimized with the Yoast SEO plugin v27.4 - https:\/\/yoast.com\/product\/yoast-seo-wordpress\/ -->\n<title>Av\u00eds legal - Turmaden<\/title>\n<meta name=\"robots\" content=\"index, follow, max-snippet:-1, max-image-preview:large, max-video-preview:-1\" \/>\n<link rel=\"canonical\" href=\"https:\/\/www.turmaden.com\/ca\/avis-legal\/\" \/>\n<meta name=\"twitter:label1\" content=\"Est. reading time\" \/>\n\t<meta name=\"twitter:data1\" content=\"6 minutes\" \/>\n<script type=\"application\/ld+json\" class=\"yoast-schema-graph\">{\"@context\":\"https:\\\/\\\/schema.org\",\"@graph\":[{\"@type\":\"WebPage\",\"@id\":\"https:\\\/\\\/www.turmaden.com\\\/ca\\\/avis-legal\\\/\",\"url\":\"https:\\\/\\\/www.turmaden.com\\\/ca\\\/avis-legal\\\/\",\"name\":\"Av\u00eds legal - Turmaden\",\"isPartOf\":{\"@id\":\"https:\\\/\\\/www.turmaden.com\\\/#website\"},\"datePublished\":\"2020-03-18T09:42:20+00:00\",\"dateModified\":\"2020-03-18T09:44:29+00:00\",\"breadcrumb\":{\"@id\":\"https:\\\/\\\/www.turmaden.com\\\/ca\\\/avis-legal\\\/#breadcrumb\"},\"inLanguage\":\"ca-ES\",\"potentialAction\":[{\"@type\":\"ReadAction\",\"target\":[\"https:\\\/\\\/www.turmaden.com\\\/ca\\\/avis-legal\\\/\"]}]},{\"@type\":\"BreadcrumbList\",\"@id\":\"https:\\\/\\\/www.turmaden.com\\\/ca\\\/avis-legal\\\/#breadcrumb\",\"itemListElement\":[{\"@type\":\"ListItem\",\"position\":1,\"name\":\"Portada\",\"item\":\"https:\\\/\\\/www.turmaden.com\\\/ca\\\/\"},{\"@type\":\"ListItem\",\"position\":2,\"name\":\"Av\u00eds legal\"}]},{\"@type\":\"WebSite\",\"@id\":\"https:\\\/\\\/www.turmaden.com\\\/#website\",\"url\":\"https:\\\/\\\/www.turmaden.com\\\/\",\"name\":\"Turmad\u00e8n des Capit\u00e0 - Agroturismo Menorca\",\"description\":\"Ecoagroturismo Menorca\",\"publisher\":{\"@id\":\"https:\\\/\\\/www.turmaden.com\\\/#organization\"},\"potentialAction\":[{\"@type\":\"SearchAction\",\"target\":{\"@type\":\"EntryPoint\",\"urlTemplate\":\"https:\\\/\\\/www.turmaden.com\\\/?s={search_term_string}\"},\"query-input\":{\"@type\":\"PropertyValueSpecification\",\"valueRequired\":true,\"valueName\":\"search_term_string\"}}],\"inLanguage\":\"ca-ES\"},{\"@type\":\"Organization\",\"@id\":\"https:\\\/\\\/www.turmaden.com\\\/#organization\",\"name\":\"Turmad\u00e8n des Capit\u00e0 - Agroturismo Menorca\",\"url\":\"https:\\\/\\\/www.turmaden.com\\\/\",\"logo\":{\"@type\":\"ImageObject\",\"inLanguage\":\"ca-ES\",\"@id\":\"https:\\\/\\\/www.turmaden.com\\\/#\\\/schema\\\/logo\\\/image\\\/\",\"url\":\"https:\\\/\\\/www.turmaden.com\\\/wp-content\\\/uploads\\\/2020\\\/02\\\/agroturismo-ecologico-menorca-turmaden-1.png\",\"contentUrl\":\"https:\\\/\\\/www.turmaden.com\\\/wp-content\\\/uploads\\\/2020\\\/02\\\/agroturismo-ecologico-menorca-turmaden-1.png\",\"width\":935,\"height\":283,\"caption\":\"Turmad\u00e8n des Capit\u00e0 - Agroturismo Menorca\"},\"image\":{\"@id\":\"https:\\\/\\\/www.turmaden.com\\\/#\\\/schema\\\/logo\\\/image\\\/\"},\"sameAs\":[\"https:\\\/\\\/www.instagram.com\\\/turmaden\\\/\"]}]}<\/script>\n<!-- \/ Yoast SEO plugin. -->","yoast_head_json":{"title":"Av\u00eds legal - Turmaden","robots":{"index":"index","follow":"follow","max-snippet":"max-snippet:-1","max-image-preview":"max-image-preview:large","max-video-preview":"max-video-preview:-1"},"canonical":"https:\/\/www.turmaden.com\/ca\/avis-legal\/","twitter_misc":{"Est. reading time":"6 minutes"},"schema":{"@context":"https:\/\/schema.org","@graph":[{"@type":"WebPage","@id":"https:\/\/www.turmaden.com\/ca\/avis-legal\/","url":"https:\/\/www.turmaden.com\/ca\/avis-legal\/","name":"Av\u00eds legal - Turmaden","isPartOf":{"@id":"https:\/\/www.turmaden.com\/#website"},"datePublished":"2020-03-18T09:42:20+00:00","dateModified":"2020-03-18T09:44:29+00:00","breadcrumb":{"@id":"https:\/\/www.turmaden.com\/ca\/avis-legal\/#breadcrumb"},"inLanguage":"ca-ES","potentialAction":[{"@type":"ReadAction","target":["https:\/\/www.turmaden.com\/ca\/avis-legal\/"]}]},{"@type":"BreadcrumbList","@id":"https:\/\/www.turmaden.com\/ca\/avis-legal\/#breadcrumb","itemListElement":[{"@type":"ListItem","position":1,"name":"Portada","item":"https:\/\/www.turmaden.com\/ca\/"},{"@type":"ListItem","position":2,"name":"Av\u00eds legal"}]},{"@type":"WebSite","@id":"https:\/\/www.turmaden.com\/#website","url":"https:\/\/www.turmaden.com\/","name":"Turmad\u00e8n des Capit\u00e0 - Agroturismo Menorca","description":"Ecoagroturismo Menorca","publisher":{"@id":"https:\/\/www.turmaden.com\/#organization"},"potentialAction":[{"@type":"SearchAction","target":{"@type":"EntryPoint","urlTemplate":"https:\/\/www.turmaden.com\/?s={search_term_string}"},"query-input":{"@type":"PropertyValueSpecification","valueRequired":true,"valueName":"search_term_string"}}],"inLanguage":"ca-ES"},{"@type":"Organization","@id":"https:\/\/www.turmaden.com\/#organization","name":"Turmad\u00e8n des Capit\u00e0 - Agroturismo Menorca","url":"https:\/\/www.turmaden.com\/","logo":{"@type":"ImageObject","inLanguage":"ca-ES","@id":"https:\/\/www.turmaden.com\/#\/schema\/logo\/image\/","url":"https:\/\/www.turmaden.com\/wp-content\/uploads\/2020\/02\/agroturismo-ecologico-menorca-turmaden-1.png","contentUrl":"https:\/\/www.turmaden.com\/wp-content\/uploads\/2020\/02\/agroturismo-ecologico-menorca-turmaden-1.png","width":935,"height":283,"caption":"Turmad\u00e8n des Capit\u00e0 - Agroturismo Menorca"},"image":{"@id":"https:\/\/www.turmaden.com\/#\/schema\/logo\/image\/"},"sameAs":["https:\/\/www.instagram.com\/turmaden\/"]}]}},"_links":{"self":[{"href":"https:\/\/www.turmaden.com\/ca\/wp-json\/wp\/v2\/pages\/2612","targetHints":{"allow":["GET"]}}],"collection":[{"href":"https:\/\/www.turmaden.com\/ca\/wp-json\/wp\/v2\/pages"}],"about":[{"href":"https:\/\/www.turmaden.com\/ca\/wp-json\/wp\/v2\/types\/page"}],"author":[{"embeddable":true,"href":"https:\/\/www.turmaden.com\/ca\/wp-json\/wp\/v2\/users\/5"}],"replies":[{"embeddable":true,"href":"https:\/\/www.turmaden.com\/ca\/wp-json\/wp\/v2\/comments?post=2612"}],"version-history":[{"count":1,"href":"https:\/\/www.turmaden.com\/ca\/wp-json\/wp\/v2\/pages\/2612\/revisions"}],"predecessor-version":[{"id":2613,"href":"https:\/\/www.turmaden.com\/ca\/wp-json\/wp\/v2\/pages\/2612\/revisions\/2613"}],"wp:attachment":[{"href":"https:\/\/www.turmaden.com\/ca\/wp-json\/wp\/v2\/media?parent=2612"}],"curies":[{"name":"wp","href":"https:\/\/api.w.org\/{rel}","templated":true}]}}