{"id":3705,"date":"2020-04-30T08:19:23","date_gmt":"2020-04-30T08:19:23","guid":{"rendered":"https:\/\/www.turmaden.com\/kontakt\/"},"modified":"2020-05-12T08:37:26","modified_gmt":"2020-05-12T08:37:26","slug":"kontakt","status":"publish","type":"page","link":"https:\/\/www.turmaden.com\/de\/kontakt\/","title":{"rendered":"Kontakt"},"content":{"rendered":"<section class=\"l-section wpb_row height_auto width_full\"><div class=\"l-section-h i-cf\"><div class=\"g-cols vc_row via_flex valign_top type_default stacking_default\"><div class=\"vc_col-sm-12 wpb_column vc_column_container\"><div class=\"vc_column-inner\"><div class=\"wpb_wrapper\">\n\t\t\t<!-- START ContacteDE REVOLUTION SLIDER 6.7.40 --><p class=\"rs-p-wp-fix\"><\/p>\n\t\t\t<rs-module-wrap id=\"rev_slider_42_1_wrapper\" data-source=\"gallery\" style=\"visibility:hidden;background:transparent;padding:0;margin:0px auto;margin-top:0;margin-bottom:0;\">\n\t\t\t\t<rs-module id=\"rev_slider_42_1\" style=\"\" data-version=\"6.7.40\">\n\t\t\t\t\t<rs-slides style=\"overflow: hidden; position: absolute;\">\n\t\t\t\t\t\t<rs-slide style=\"position: absolute;\" data-key=\"rs-92\" data-title=\"Slide\" data-duration=\"6000\" data-anim=\"ms:600;r:0;\" data-in=\"o:0;\" data-out=\"a:false;\">\n\t\t\t\t\t\t\t<img decoding=\"async\" src=\"\/\/www.turmaden.com\/wp-content\/plugins\/revslider\/sr6\/assets\/assets\/dummy.png\" alt=\"\" title=\"agroturismo-menorca-contacto.JPG\" width=\"1407\" height=\"510\" class=\"rev-slidebg tp-rs-img rs-lazyload\" data-lazyload=\"\/\/www.turmaden.com\/wp-content\/uploads\/2020\/04\/agroturismo-menorca-contacto.jpg\" data-parallax=\"off\" data-no-retina>\n<!--\n\t\t\t\t\t\t\t--><h1\n\t\t\t\t\t\t\t\tid=\"slider-42-slide-92-layer-8\" \n\t\t\t\t\t\t\t\tclass=\"rs-layer\"\n\t\t\t\t\t\t\t\tdata-type=\"text\"\n\t\t\t\t\t\t\t\tdata-tsh=\"c:#000000;h:3px;v:3px;b:15px;\"\n\t\t\t\t\t\t\t\tdata-rsp_ch=\"on\"\n\t\t\t\t\t\t\t\tdata-xy=\"x:c;y:m;\"\n\t\t\t\t\t\t\t\tdata-text=\"s:60,40,40,40;l:80;fw:200;a:center;\"\n\t\t\t\t\t\t\t\tdata-frame_0=\"tp:600;\"\n\t\t\t\t\t\t\t\tdata-frame_1=\"tp:600;st:850;sp:760;sR:850;\"\n\t\t\t\t\t\t\t\tdata-frame_999=\"st:w;sp:420;sR:4390;auto:true;\"\n\t\t\t\t\t\t\t\tstyle=\"z-index:5;font-family:'Montserrat';\"\n\t\t\t\t\t\t\t>IM HERZEN VON MENORCA \n\t\t\t\t\t\t\t<\/h1><!--\n\n\t\t\t\t\t\t\t--><rs-layer\n\t\t\t\t\t\t\t\tid=\"slider-42-slide-92-layer-10\" \n\t\t\t\t\t\t\t\tdata-type=\"image\"\n\t\t\t\t\t\t\t\tdata-rsp_ch=\"on\"\n\t\t\t\t\t\t\t\tdata-xy=\"x:c;yo:75px,67px,67px,67px;\"\n\t\t\t\t\t\t\t\tdata-text=\"l:22;a:inherit;\"\n\t\t\t\t\t\t\t\tdata-dim=\"w:[&#039;112px&#039;,&#039;112px&#039;,&#039;112px&#039;,&#039;112px&#039;];h:[&#039;112px&#039;,&#039;112px&#039;,&#039;112px&#039;,&#039;112px&#039;];\"\n\t\t\t\t\t\t\t\tdata-frame_0=\"tp:600;\"\n\t\t\t\t\t\t\t\tdata-frame_1=\"tp:600;st:830;sp:790;sR:830;\"\n\t\t\t\t\t\t\t\tdata-frame_999=\"o:0;tp:600;st:w;sR:4380;\"\n\t\t\t\t\t\t\t\tstyle=\"z-index:6;\"\n\t\t\t\t\t\t\t><img decoding=\"async\" src=\"\/\/www.turmaden.com\/wp-content\/plugins\/revslider\/sr6\/assets\/assets\/dummy.png\" alt=\"Agroturismo-Menorca-Turmaden-Contacto\" class=\"tp-rs-img rs-lazyload\" width=\"709\" height=\"709\" data-lazyload=\"\/\/www.turmaden.com\/wp-content\/uploads\/2020\/02\/agroturismo-menorca-turmaden-icono-contacto.png\" data-no-retina> \n\t\t\t\t\t\t\t<\/rs-layer><!--\n-->\t\t\t\t\t<\/rs-slide>\n\t\t\t\t\t<\/rs-slides>\n\t\t\t\t<\/rs-module>\n\t\t\t\t<script>\n\t\t\t\t\tsetREVStartSize({c: 'rev_slider_42_1',rl:[1240,1024,1024,1024],el:[500,405,405,405],gw:[1400,720,720,720],gh:[500,405,405,405],type:'hero',justify:'',layout:'fullwidth',mh:\"0\"});if (window.RS_MODULES!==undefined && window.RS_MODULES.modules!==undefined && window.RS_MODULES.modules[\"revslider421\"]!==undefined) {window.RS_MODULES.modules[\"revslider421\"].once = false;window.revapi42 = undefined;if (window.RS_MODULES.checkMinimal!==undefined) window.RS_MODULES.checkMinimal()}\n\t\t\t\t<\/script>\n\t\t\t<\/rs-module-wrap>\n\t\t\t<!-- END REVOLUTION SLIDER -->\n<\/div><\/div><\/div><\/div><\/div><\/section><section class=\"l-section wpb_row height_small\"><div class=\"l-section-overlay\" style=\"background:#efefed\"><\/div><div class=\"l-section-h i-cf\"><div class=\"g-cols vc_row via_flex valign_top type_default stacking_default\"><div class=\"vc_col-sm-12 wpb_column vc_column_container\"><div class=\"vc_column-inner\"><div class=\"wpb_wrapper\"><div class=\"wpb_widgetised_column wpb_content_element\"><div class=\"wpb_wrapper\"><div id=\"custom_html-5\" class=\"widget_text widget widget_custom_html\"><div class=\"textwidget custom-html-widget\"><div class=\"wpb_wrapper\">\r\n\t\r\n\r\n<div class=\"w-form layout_hor us_form_1\">\r\n<form class=\"w-form-h\" action=\"https:\/\/turmaden.guestpro.com\/de\/engine\/\" method=\"get\">\r\n<input type=\"hidden\" id=\"start\" name=\"start\" value=\"\" \/>\r\n<input type=\"hidden\" id=\"end\" name=\"end\" value=\"\" \/>\r\n\t\r\n<input type=\"hidden\" id=\"occupancy\" name=\"occupancy\" value=\"2\" \/>\r\n\r\n\t\t\t\t<div class=\"w-form-row for_text with_icon cols_3  has_label\">\r\n\t\t\t\t\t<div class=\"w-form-row-label\">\r\n\t\t\t<span>ANREISE<\/span>\r\n\t\t<\/div>\r\n\t\t<div class=\"w-form-row-field\">\r\n\t\t<i class=\"far fa-calendar\"><\/i><input type=\"text\" id=\"dt1\" name=\"dt1\" aria-label=\"Check-in\" value=\"\" placeholder=\"\" \/>\r\n\t\t\t<\/div>\r\n\r\n<\/div>\r\n\t\t<div class=\"w-form-row for_text with_icon cols_3  has_label\">\r\n\t\t\t<div class=\"w-form-row-label\">\r\n\t\t\t<span>ABREISE<\/span>\r\n\t\t<\/div>\r\n\t\t<div class=\"w-form-row-field\">\r\n\t\t<i class=\"far fa-calendar\"><\/i>\t\t<input type=\"text\" id=\"dt2\" name=\"dt2\" aria-label=\"Check-out\" value=\"\" placeholder=\"\"\/>\r\n\t\t\t<\/div>\r\n\t\t\r\n<\/div>\r\n\t\t<div class=\"w-form-row for_text with_icon cols_3  has_label\">\r\n\t\t\t<div class=\"w-form-row-label\">\r\n\t\t\t<span>PROMO<\/span>\r\n\t\t<\/div>\r\n\t\t<div class=\"w-form-row-field\">\r\n\t\t<i class=\"far fa-star\"><\/i>\t\t<input type=\"text\" id=\"promo\" name=\"promo\" aria-label=\"C\u00f3digo\" value=\"\" placeholder=\"Aktionscode\"\/>\r\n\t\t\t<\/div>\r\n<\/div>\r\n\t\r\n\t\t<div class=\"botoreservar w-form-row for_submit align_left\">\r\n\t<div class=\"w-form-row-field\">\r\n\t\t\t\t<button class=\"w-btn  us-btn-style_1\"  style=\"font-size:1rem;\" type=\"submit\" aria-label=\"Reservar\">\r\n\t\t\t<span class=\"g-preloader type_1\"><\/span>\r\n\t\t\t\t\t\t<span class=\"w-btn-label\">JETZT BUCHEN<\/span>\r\n\t\t\t\t\t<\/button>\r\n\t<\/div>\r\n<\/div>\r\n\r\n\r\n\r\n<script type=\"text\/javascript\"> jQuery(document).ready(function($) {\r\n    \r\n        $(\"#dt1\").datepicker({         \r\ndateFormat: \"dd-mm-yy\",\r\nignoreReadonly: true,\r\n   allowInputToggle: true,\r\n\t    altFormat:'yy-mm-dd',\r\n            altField:'#start',\r\n            minDate: 0,\r\n            onSelect: function (date) {\r\n                var date2 = $('#dt1').datepicker('getDate');\r\n                date2.setDate(date2.getDate() + 1);\r\n                $('#dt2').datepicker('setDate', date2);\r\n                \/\/sets minDate to dt1 date + 2\r\n                $('#dt2').datepicker('option', 'minDate', date2);\r\n            }\r\n        });\r\n\r\n\t$(\"#dt1\").datepicker(\"setDate\", \"+0\");\r\n\r\n\r\n        $('#dt2').datepicker({\r\n            dateFormat: \"dd-mm-yy\",\r\nignoreReadonly: true,\r\n   allowInputToggle: true,\r\n\t   altFormat:'yy-mm-dd',\r\n           altField:'#end',\r\n            onClose: function () {\r\n                var dt1 = $('#dt1').datepicker('getDate');\r\n                console.log(dt1);\r\n                var dt2 = $('#dt2').datepicker('getDate');\r\n                if (dt2 <= dt1) {\r\n                    var minDate = $('#dt2').datepicker('option', 'minDate');\r\n                    $('#dt2').datepicker('setDate', minDate);\r\n                }\r\n            }\r\n        });\r\n\r\n\r\n\t$(\"#dt2\").datepicker(\"setDate\", \"+1\");\r\n\r\n    });\r\n\r\n<\/script>\r\n\r\n\r\n\r\n\r\n<\/form>\r\n<\/div>\r\n\r\n<\/div><\/div><\/div><\/div><\/div><\/div><\/div><\/div><\/div><\/div><\/section><section class=\"l-section wpb_row us_custom_11374b0e height_auto\"><div class=\"l-section-h i-cf\"><div class=\"g-cols vc_row via_flex valign_middle type_default stacking_default\"><div class=\"vc_col-sm-12 wpb_column vc_column_container us_animate_fade\"><div class=\"vc_column-inner\"><div class=\"wpb_wrapper\"><div class=\"w-map provider_google us_custom_b3be410f\" id=\"us_map_1\"><div class=\"w-map-inner\"><div class=\"w-map-json\" onclick='return {&quot;address&quot;:&quot;39.949373, 4.106225&quot;,&quot;disableDragging&quot;:1,&quot;disableZoom&quot;:1,&quot;hideControls&quot;:0,&quot;zoom&quot;:12,&quot;markers&quot;:[{&quot;address&quot;:&quot;39.949373, 4.106225&quot;,&quot;html&quot;:&quot;&lt;h4&gt;Turmad\\u00e8n des Capit\\u00e0&lt;\\\/h4&gt;&lt;h6&gt;\\u00d6kologischer Agrotourismus in Menorca&lt;\\\/h6&gt;&quot;,&quot;infowindow&quot;:&quot;1&quot;}],&quot;maptype&quot;:&quot;ROADMAP&quot;}'><\/div><div class=\"w-map-style-json\" onclick='return [\n    {\n        \"featureType\": \"landscape.man_made\",\n        \"elementType\": \"all\",\n        \"stylers\": [\n            {\n                \"color\": \"#faf5ed\"\n            },\n            {\n                \"lightness\": \"0\"\n            },\n            {\n                \"gamma\": \"1\"\n            }\n        ]\n    },\n    {\n        \"featureType\": \"poi.park\",\n        \"elementType\": \"geometry.fill\",\n        \"stylers\": [\n            {\n                \"color\": \"#bae5a6\"\n            }\n        ]\n    },\n    {\n        \"featureType\": \"road\",\n        \"elementType\": \"all\",\n        \"stylers\": [\n            {\n                \"weight\": \"1.00\"\n            },\n            {\n                \"gamma\": \"1.8\"\n            },\n            {\n                \"saturation\": \"0\"\n            }\n        ]\n    },\n    {\n        \"featureType\": \"road\",\n        \"elementType\": \"geometry.fill\",\n        \"stylers\": [\n            {\n                \"hue\": \"#ffb200\"\n            }\n        ]\n    },\n    {\n        \"featureType\": \"road.arterial\",\n        \"elementType\": \"geometry.fill\",\n        \"stylers\": [\n            {\n                \"lightness\": \"0\"\n            },\n            {\n                \"gamma\": \"1\"\n            }\n        ]\n    },\n    {\n        \"featureType\": \"transit.station.airport\",\n        \"elementType\": \"all\",\n        \"stylers\": [\n            {\n                \"hue\": \"#b000ff\"\n            },\n            {\n                \"saturation\": \"23\"\n            },\n            {\n                \"lightness\": \"-4\"\n            },\n            {\n                \"gamma\": \"0.80\"\n            }\n        ]\n    },\n    {\n        \"featureType\": \"water\",\n        \"elementType\": \"all\",\n        \"stylers\": [\n            {\n                \"color\": \"#a0daf2\"\n            }\n        ]\n    }\n]'><\/div><\/div><\/div><\/div><\/div><\/div><\/div><\/div><\/section><section class=\"l-section wpb_row us_custom_8a398476 height_medium with_img\"><div class=\"l-section-img\" role=\"img\" aria-label=\"Agroturismo-Menorca-Turmaden-Karl-Blossfeldt\" data-img-width=\"1139\" data-img-height=\"1181\" style=\"background-image: url(https:\/\/www.turmaden.com\/wp-content\/uploads\/2020\/02\/agroturismo-menorca-turmaden-karl-blossfeldt-2.jpg);background-position: bottom left;background-repeat: no-repeat;background-size: contain;\"><\/div><div class=\"l-section-overlay\" style=\"background:rgba(255,255,255,0.8)\"><\/div><div class=\"l-section-h i-cf\"><div class=\"g-cols vc_row via_flex valign_top type_default stacking_default\"><div class=\"vc_col-sm-6 wpb_column vc_column_container us_animate_fade\"><div class=\"vc_column-inner\"><div class=\"wpb_wrapper\"><div class=\"wpb_text_column\"><div class=\"wpb_wrapper\"><h3>\u00d6KOLOGISCHER AGROTURISMUS IM HERZEN VON MENORCA<\/h3>\n<\/div><\/div><div class=\"wpb_text_column\"><div class=\"wpb_wrapper\"><p>Ctra. des Migjorn, Km 1 (Me-16), Menorca (Spanien)<br \/>\nM. +34 650 008 952<br \/>\n<a href=\"mailto:info@turmaden.com\">info@turmaden.com<\/a><br \/>\n<a href=\"https:\/\/www.turmaden.com\/de\/turmaden-des-capita-agrotourismus-menorca\/\">http:\/\/www.turmaden.com<\/a><\/p>\n<p>Stellen Sie Ihre Anfrage und wir werden Sie in K\u00fcrze kontaktieren.<\/p>\n<h2>Wir stehen zu Ihrer Verf\u00fcgung<\/h2>\n<\/div><\/div><\/div><\/div><\/div><div class=\"vc_col-sm-6 wpb_column vc_column_container us_animate_fade\"><div class=\"vc_column-inner\"><div class=\"wpb_wrapper\">\n<div class=\"wpcf7 no-js\" id=\"wpcf7-f2855-o1\" lang=\"es-ES\" dir=\"ltr\" data-wpcf7-id=\"2855\">\n<div class=\"screen-reader-response\"><p role=\"status\" aria-live=\"polite\" aria-atomic=\"true\"><\/p> <ul><\/ul><\/div>\n<form action=\"\/de\/wp-json\/wp\/v2\/pages\/3705#wpcf7-f2855-o1\" method=\"post\" class=\"wpcf7-form init wpcf7-acceptance-as-validation\" aria-label=\"Formulario de contacto\" novalidate=\"novalidate\" data-status=\"init\">\n<fieldset class=\"hidden-fields-container\"><input type=\"hidden\" name=\"_wpcf7\" value=\"2855\" \/><input type=\"hidden\" name=\"_wpcf7_version\" value=\"6.1.5\" \/><input type=\"hidden\" name=\"_wpcf7_locale\" value=\"es_ES\" \/><input type=\"hidden\" name=\"_wpcf7_unit_tag\" value=\"wpcf7-f2855-o1\" \/><input type=\"hidden\" name=\"_wpcf7_container_post\" value=\"0\" \/><input type=\"hidden\" name=\"_wpcf7_posted_data_hash\" value=\"\" \/>\n<\/fieldset>\n<div class=\"w-form-row for_name\">\n\t<div class=\"w-form-row-field\">\n\t\t<p><i class=\"fas fa-user\"><\/i><span class=\"wpcf7-form-control-wrap\" data-name=\"yourname\"><input size=\"40\" maxlength=\"400\" class=\"wpcf7-form-control wpcf7-text wpcf7-validates-as-required\" aria-required=\"true\" aria-invalid=\"false\" placeholder=\"Name *\" value=\"\" type=\"text\" name=\"yourname\" \/><\/span>\n\t\t<\/p>\n\t<\/div>\n<\/div>\n<div class=\"w-form-row for_email\">\n\t<div class=\"w-form-row-field\">\n\t\t<p><i class=\"fas fa-at\"><\/i><span class=\"wpcf7-form-control-wrap\" data-name=\"email\"><input size=\"40\" maxlength=\"400\" class=\"wpcf7-form-control wpcf7-email wpcf7-validates-as-required wpcf7-text wpcf7-validates-as-email\" aria-required=\"true\" aria-invalid=\"false\" placeholder=\"Emailadresse *\" value=\"\" type=\"email\" name=\"email\" \/><\/span>\n\t\t<\/p>\n\t<\/div>\n<\/div>\n<div class=\"w-form-row for_phone\">\n\t<div class=\"w-form-row-field\">\n\t\t<p><i class=\"fas fa-phone\"><\/i><span class=\"wpcf7-form-control-wrap\" data-name=\"phone\"><input size=\"40\" maxlength=\"400\" class=\"wpcf7-form-control wpcf7-tel wpcf7-validates-as-required wpcf7-text wpcf7-validates-as-tel\" aria-required=\"true\" aria-invalid=\"false\" placeholder=\"Telefon *\" value=\"\" type=\"tel\" name=\"phone\" \/><\/span>\n\t\t<\/p>\n\t<\/div>\n<\/div>\n<div class=\"w-form-row for_message\">\n\t<div class=\"w-form-row-field\">\n\t\t<p><i class=\"fas fa-comment\"><\/i><span class=\"wpcf7-form-control-wrap\" data-name=\"message\"><textarea cols=\"40\" rows=\"10\" maxlength=\"2000\" class=\"wpcf7-form-control wpcf7-textarea wpcf7-validates-as-required\" aria-required=\"true\" aria-invalid=\"false\" placeholder=\"Nachricht *\" name=\"message\"><\/textarea><\/span>\n\t\t<\/p>\n\t<\/div>\n<\/div>\n<div class=\"w-form-row for_termsandconditions\">\n\t<div class=\"w-form-row-field\">\n\t\t<p><span class=\"wpcf7-form-control-wrap\" data-name=\"accept-this-1\"><span class=\"wpcf7-form-control wpcf7-acceptance\"><span class=\"wpcf7-list-item\"><input type=\"checkbox\" name=\"accept-this-1\" value=\"1\" aria-invalid=\"false\" \/><\/span><\/span><\/span> Ich habe die Datenschutzklausel gelesen und akzeptiere sie\n\t\t<\/p>\n\t<\/div>\n<\/div>\n<div class=\"w-form-row form_submit\">\n\t<div class=\"w-form-field\">\n\t\t<p><input class=\"wpcf7-form-control wpcf7-submit has-spinner w-btn color_primary\" type=\"submit\" value=\"Senden\" \/>\n\t\t<\/p>\n\t<\/div>\n<\/div><p style=\"display: none !important;\" class=\"akismet-fields-container\" data-prefix=\"_wpcf7_ak_\"><label>&#916;<textarea name=\"_wpcf7_ak_hp_textarea\" cols=\"45\" rows=\"8\" maxlength=\"100\"><\/textarea><\/label><input type=\"hidden\" id=\"ak_js_1\" name=\"_wpcf7_ak_js\" value=\"190\"\/><script>document.getElementById( \"ak_js_1\" ).setAttribute( \"value\", ( new Date() ).getTime() );<\/script><\/p><div class=\"wpcf7-response-output\" aria-hidden=\"true\"><\/div>\n<\/form>\n<\/div>\n<\/div><\/div><\/div><\/div><\/div><\/section><section class=\"l-section wpb_row height_small\"><div class=\"l-section-overlay\" style=\"background:#efefed\"><\/div><div class=\"l-section-h i-cf\"><div class=\"g-cols vc_row via_flex valign_top type_default stacking_default\"><div class=\"vc_col-sm-12 wpb_column vc_column_container\"><div class=\"vc_column-inner\"><div class=\"wpb_wrapper\"><div class=\"wpb_text_column\"><div class=\"wpb_wrapper\"><p>DATENSCHUTZKLAUSEL: Gem\u00e4\u00df der geltenden Gesetzgebung werden Sie ausdr\u00fccklich darauf hingewiesen, dass die auf dieser Website bereitgestellten Daten in einer Datei gesammelt und verarbeitet werden k\u00f6nnen, f\u00fcr die Turmad\u00e8n d\u2019es Capit\u00e0, SRM &#8211; E57302069 verantwortlich ist. Sie k\u00f6nnen Ihr Recht auf Zugang, Berichtigung, L\u00f6schung oder Widerspruch aus\u00fcben, indem Sie an folgende Adresse schreiben: Ctra. D\u2019s Migjorn Km, 1 &#8211; 07730 Alaior. Weitere Informationen: <a href=\"https:\/\/www.turmaden.com\/de\/datenschutzerklaerung\/\">Datenschutzerkl\u00e4rung<\/a>.<\/p>\n<\/div><\/div><\/div><\/div><\/div><\/div><\/div><\/section>\n","protected":false},"excerpt":{"rendered":"IM HERZEN VON MENORCA ANREISE ABREISE PROMO JETZT BUCHEN \u00d6KOLOGISCHER AGROTURISMUS IM HERZEN VON MENORCA Ctra. des Migjorn, Km 1 (Me-16), Menorca (Spanien) M. +34 650 008 952 info@turmaden.com http:\/\/www.turmaden.com Stellen Sie Ihre Anfrage und wir werden Sie in K\u00fcrze kontaktieren. Wir stehen zu Ihrer Verf\u00fcgung Ich habe die Datenschutzklausel gelesen und akzeptiere sie &#916;...","protected":false},"author":5,"featured_media":0,"parent":0,"menu_order":0,"comment_status":"closed","ping_status":"closed","template":"","meta":{"footnotes":""},"class_list":["post-3705","page","type-page","status-publish","hentry"],"yoast_head":"<!-- This site is optimized with the Yoast SEO plugin v27.3 - https:\/\/yoast.com\/product\/yoast-seo-wordpress\/ -->\n<title>Turmad\u00e8n des Capit\u00e0 - \u00d6kologisches Hotel im Herzen von Menorca<\/title>\n<meta name=\"description\" content=\"\u00d6kologisches Hotel im Herzen von Menorca, zwischen Es Mercadal und Alaior. Seine Lage ist ideal, um in jede Ecke der Insel zu ziehen.\" \/>\n<meta name=\"robots\" content=\"index, follow, max-snippet:-1, max-image-preview:large, max-video-preview:-1\" \/>\n<link rel=\"canonical\" href=\"https:\/\/www.turmaden.com\/de\/kontakt\/\" \/>\n<meta name=\"twitter:label1\" content=\"Gesch\u00e4tzte Lesezeit\" \/>\n\t<meta name=\"twitter:data1\" content=\"2\u00a0Minuten\" \/>\n<script type=\"application\/ld+json\" class=\"yoast-schema-graph\">{\"@context\":\"https:\\\/\\\/schema.org\",\"@graph\":[{\"@type\":\"WebPage\",\"@id\":\"https:\\\/\\\/www.turmaden.com\\\/de\\\/kontakt\\\/\",\"url\":\"https:\\\/\\\/www.turmaden.com\\\/de\\\/kontakt\\\/\",\"name\":\"Turmad\u00e8n des Capit\u00e0 - \u00d6kologisches Hotel im Herzen von Menorca\",\"isPartOf\":{\"@id\":\"https:\\\/\\\/www.turmaden.com\\\/#website\"},\"datePublished\":\"2020-04-30T08:19:23+00:00\",\"dateModified\":\"2020-05-12T08:37:26+00:00\",\"description\":\"\u00d6kologisches Hotel im Herzen von Menorca, zwischen Es Mercadal und Alaior. Seine Lage ist ideal, um in jede Ecke der Insel zu ziehen.\",\"breadcrumb\":{\"@id\":\"https:\\\/\\\/www.turmaden.com\\\/de\\\/kontakt\\\/#breadcrumb\"},\"inLanguage\":\"de\",\"potentialAction\":[{\"@type\":\"ReadAction\",\"target\":[\"https:\\\/\\\/www.turmaden.com\\\/de\\\/kontakt\\\/\"]}]},{\"@type\":\"BreadcrumbList\",\"@id\":\"https:\\\/\\\/www.turmaden.com\\\/de\\\/kontakt\\\/#breadcrumb\",\"itemListElement\":[{\"@type\":\"ListItem\",\"position\":1,\"name\":\"Portada\",\"item\":\"https:\\\/\\\/www.turmaden.com\\\/de\\\/\"},{\"@type\":\"ListItem\",\"position\":2,\"name\":\"Kontakt\"}]},{\"@type\":\"WebSite\",\"@id\":\"https:\\\/\\\/www.turmaden.com\\\/#website\",\"url\":\"https:\\\/\\\/www.turmaden.com\\\/\",\"name\":\"Turmad\u00e8n des Capit\u00e0 - Agroturismo Menorca\",\"description\":\"Compromiso con el medio ambiente\",\"publisher\":{\"@id\":\"https:\\\/\\\/www.turmaden.com\\\/#organization\"},\"potentialAction\":[{\"@type\":\"SearchAction\",\"target\":{\"@type\":\"EntryPoint\",\"urlTemplate\":\"https:\\\/\\\/www.turmaden.com\\\/?s={search_term_string}\"},\"query-input\":{\"@type\":\"PropertyValueSpecification\",\"valueRequired\":true,\"valueName\":\"search_term_string\"}}],\"inLanguage\":\"de\"},{\"@type\":\"Organization\",\"@id\":\"https:\\\/\\\/www.turmaden.com\\\/#organization\",\"name\":\"Turmad\u00e8n des Capit\u00e0 - Agroturismo Menorca\",\"url\":\"https:\\\/\\\/www.turmaden.com\\\/\",\"logo\":{\"@type\":\"ImageObject\",\"inLanguage\":\"de\",\"@id\":\"https:\\\/\\\/www.turmaden.com\\\/#\\\/schema\\\/logo\\\/image\\\/\",\"url\":\"https:\\\/\\\/www.turmaden.com\\\/wp-content\\\/uploads\\\/2020\\\/02\\\/agroturismo-ecologico-menorca-turmaden-1.png\",\"contentUrl\":\"https:\\\/\\\/www.turmaden.com\\\/wp-content\\\/uploads\\\/2020\\\/02\\\/agroturismo-ecologico-menorca-turmaden-1.png\",\"width\":935,\"height\":283,\"caption\":\"Turmad\u00e8n des Capit\u00e0 - Agroturismo Menorca\"},\"image\":{\"@id\":\"https:\\\/\\\/www.turmaden.com\\\/#\\\/schema\\\/logo\\\/image\\\/\"},\"sameAs\":[\"https:\\\/\\\/www.instagram.com\\\/turmaden\\\/\"]}]}<\/script>\n<!-- \/ Yoast SEO plugin. -->","yoast_head_json":{"title":"Turmad\u00e8n des Capit\u00e0 - \u00d6kologisches Hotel im Herzen von Menorca","description":"\u00d6kologisches Hotel im Herzen von Menorca, zwischen Es Mercadal und Alaior. Seine Lage ist ideal, um in jede Ecke der Insel zu ziehen.","robots":{"index":"index","follow":"follow","max-snippet":"max-snippet:-1","max-image-preview":"max-image-preview:large","max-video-preview":"max-video-preview:-1"},"canonical":"https:\/\/www.turmaden.com\/de\/kontakt\/","twitter_misc":{"Gesch\u00e4tzte Lesezeit":"2\u00a0Minuten"},"schema":{"@context":"https:\/\/schema.org","@graph":[{"@type":"WebPage","@id":"https:\/\/www.turmaden.com\/de\/kontakt\/","url":"https:\/\/www.turmaden.com\/de\/kontakt\/","name":"Turmad\u00e8n des Capit\u00e0 - \u00d6kologisches Hotel im Herzen von Menorca","isPartOf":{"@id":"https:\/\/www.turmaden.com\/#website"},"datePublished":"2020-04-30T08:19:23+00:00","dateModified":"2020-05-12T08:37:26+00:00","description":"\u00d6kologisches Hotel im Herzen von Menorca, zwischen Es Mercadal und Alaior. Seine Lage ist ideal, um in jede Ecke der Insel zu ziehen.","breadcrumb":{"@id":"https:\/\/www.turmaden.com\/de\/kontakt\/#breadcrumb"},"inLanguage":"de","potentialAction":[{"@type":"ReadAction","target":["https:\/\/www.turmaden.com\/de\/kontakt\/"]}]},{"@type":"BreadcrumbList","@id":"https:\/\/www.turmaden.com\/de\/kontakt\/#breadcrumb","itemListElement":[{"@type":"ListItem","position":1,"name":"Portada","item":"https:\/\/www.turmaden.com\/de\/"},{"@type":"ListItem","position":2,"name":"Kontakt"}]},{"@type":"WebSite","@id":"https:\/\/www.turmaden.com\/#website","url":"https:\/\/www.turmaden.com\/","name":"Turmad\u00e8n des Capit\u00e0 - Agroturismo Menorca","description":"Compromiso con el medio ambiente","publisher":{"@id":"https:\/\/www.turmaden.com\/#organization"},"potentialAction":[{"@type":"SearchAction","target":{"@type":"EntryPoint","urlTemplate":"https:\/\/www.turmaden.com\/?s={search_term_string}"},"query-input":{"@type":"PropertyValueSpecification","valueRequired":true,"valueName":"search_term_string"}}],"inLanguage":"de"},{"@type":"Organization","@id":"https:\/\/www.turmaden.com\/#organization","name":"Turmad\u00e8n des Capit\u00e0 - Agroturismo Menorca","url":"https:\/\/www.turmaden.com\/","logo":{"@type":"ImageObject","inLanguage":"de","@id":"https:\/\/www.turmaden.com\/#\/schema\/logo\/image\/","url":"https:\/\/www.turmaden.com\/wp-content\/uploads\/2020\/02\/agroturismo-ecologico-menorca-turmaden-1.png","contentUrl":"https:\/\/www.turmaden.com\/wp-content\/uploads\/2020\/02\/agroturismo-ecologico-menorca-turmaden-1.png","width":935,"height":283,"caption":"Turmad\u00e8n des Capit\u00e0 - Agroturismo Menorca"},"image":{"@id":"https:\/\/www.turmaden.com\/#\/schema\/logo\/image\/"},"sameAs":["https:\/\/www.instagram.com\/turmaden\/"]}]}},"_links":{"self":[{"href":"https:\/\/www.turmaden.com\/de\/wp-json\/wp\/v2\/pages\/3705","targetHints":{"allow":["GET"]}}],"collection":[{"href":"https:\/\/www.turmaden.com\/de\/wp-json\/wp\/v2\/pages"}],"about":[{"href":"https:\/\/www.turmaden.com\/de\/wp-json\/wp\/v2\/types\/page"}],"author":[{"embeddable":true,"href":"https:\/\/www.turmaden.com\/de\/wp-json\/wp\/v2\/users\/5"}],"replies":[{"embeddable":true,"href":"https:\/\/www.turmaden.com\/de\/wp-json\/wp\/v2\/comments?post=3705"}],"version-history":[{"count":4,"href":"https:\/\/www.turmaden.com\/de\/wp-json\/wp\/v2\/pages\/3705\/revisions"}],"predecessor-version":[{"id":3746,"href":"https:\/\/www.turmaden.com\/de\/wp-json\/wp\/v2\/pages\/3705\/revisions\/3746"}],"wp:attachment":[{"href":"https:\/\/www.turmaden.com\/de\/wp-json\/wp\/v2\/media?parent=3705"}],"curies":[{"name":"wp","href":"https:\/\/api.w.org\/{rel}","templated":true}]}}