{"id":3578,"date":"2020-04-28T10:50:47","date_gmt":"2020-04-28T10:50:47","guid":{"rendered":"https:\/\/www.turmaden.com\/contract-conditions\/"},"modified":"2020-04-28T10:50:47","modified_gmt":"2020-04-28T10:50:47","slug":"contract-conditions","status":"publish","type":"page","link":"https:\/\/www.turmaden.com\/en\/contract-conditions\/","title":{"rendered":"Contract conditions"},"content":{"rendered":"<section class=\"l-section wpb_row us_custom_c1e8dcb4 height_medium\"><div class=\"l-section-h i-cf\"><div class=\"g-cols vc_row via_flex valign_top type_default stacking_default\"><div class=\"vc_col-sm-12 wpb_column vc_column_container us_animate_afb\"><div class=\"vc_column-inner\"><div class=\"wpb_wrapper\"><div class=\"wpb_text_column\"><div class=\"wpb_wrapper\"><p><strong>CHARACTERISTICS OF THE ESTABLISHMENT:<\/strong><br \/>\nTurmad\u00e8n there are five double rooms and a Comfort Suite. The double rooms are between 18 and 34 m2. They all have a bathroom with shower and their own terrace. The SAXIFRAGA, MALVA INDICA and ASPIDIUM rooms allow the placement of an auxiliary bed on request. The comfort suite or PAPAVER room has 55 m2, has its own living room and terrace and can accommodate a maximum of 4 people. As common spaces there are two living rooms, a dining room and various outdoor spaces: gardens, terraces, rest areas, swimming pool.<\/p>\n<p>Animals are not accepted.<\/p>\n<p><strong>SERVICES:<\/strong><br \/>\nBreakfast included in the rate. Hours from 8.30 a.m. to 10.30 a.m.<br \/>\nFree Wi-Fi connection in rooms, common areas and outside areas<br \/>\nFree coffee, tea and herbal teas<br \/>\nDaily room service, except Sundays for staff rest<br \/>\nChange of household linen, towels and bathrobes every 4 days<br \/>\nRefrigerator for storing food and self-service for fresh drinks<br \/>\nLunch and \/ or dinner, as well as a picnic on request<br \/>\nLoan of beach towels, umbrellas and children&#8217;s toys<br \/>\nExtra bed in double room \u20ac 30 \/ night on request<br \/>\nExtra bed in Papaver suite room \u20ac 35 \/ night, with a maximum of two extras.<br \/>\nFree travel cot.<\/p>\n<p><strong>RATES, RESERVATIONS, PAYMENT METHODS, CANCELLATIONS AND RETURNS:<\/strong><br \/>\n<strong>Rates<\/strong> include 10% VAT.<\/p>\n<p><strong>Sustainable Tourism Tax<\/strong>, applied from July 1, 2016 <strong>not included in the rate<\/strong>.<\/p>\n<p><strong>Applicable value of \u20ac 1.10 \/ day \/ person over 16 years (VAT included).<\/strong><\/p>\n<p>From November 1 to April 30 \u20ac 0.55 \/ day \/ person. Stays longer than 9 days 50% discount.<\/p>\n<p><strong>Bookings.<\/strong> Reservations can be made from our website or marketing channels contracted by the company, by e-mail or by phone. The reservation will be effective when 30% of the price of the stay has been paid. The rest of the payment will be made upon arrival at the establishment.<\/p>\n<p><strong>Cancellations.<\/strong> Normal: The amount of the reservation will be refunded if the cancellation is made 7 days before arrival. The total amount of the reservation will be charged if the cancellation is later than 7 days. It will be fully or partially returned depending on the occupation recovered.<\/p>\n<p>Non Refundable: A discount of 7% will be applied, but the total stay can be charged.<\/p>\n<p>Early departures: the entire reservation will be charged.<\/p>\n<p><strong>Returns.<\/strong> Returns will be made using the same form of payment as that used by the customer.<\/p>\n<p><strong>Inputs and outputs.<\/strong> The entrance will be from 2:00 p.m. and the departure will be at 12:00 h. The possibility of luggage storage is offered.<\/p>\n<p><strong>Payment Methods:<\/strong><\/p>\n<p>&#8211; Bank card: You can pay by bank card without any surcharge. It is a totally secure system, which meets all the established security requirements and protocols.<\/p>\n<p>&#8211; Bank transfer to the account number that will be provided by the company, or cash.<\/p>\n<\/div><\/div><\/div><\/div><\/div><\/div><\/div><\/section>\n","protected":false},"excerpt":{"rendered":"CHARACTERISTICS OF THE ESTABLISHMENT: Turmad\u00e8n there are five double rooms and a Comfort Suite. The double rooms are between 18 and 34 m2. They all have a bathroom with shower and their own terrace. The SAXIFRAGA, MALVA INDICA and ASPIDIUM rooms allow the placement of an auxiliary bed on request. The comfort suite or PAPAVER...","protected":false},"author":5,"featured_media":0,"parent":0,"menu_order":0,"comment_status":"closed","ping_status":"closed","template":"","meta":{"footnotes":""},"class_list":["post-3578","page","type-page","status-publish","hentry"],"yoast_head":"<!-- This site is optimized with the Yoast SEO plugin v27.4 - https:\/\/yoast.com\/product\/yoast-seo-wordpress\/ -->\n<title>Contract conditions - Turmad\u00e8n des Capit\u00e0 - Agroturismo Ecol\u00f3gico en Menorca<\/title>\n<meta name=\"robots\" content=\"index, follow, max-snippet:-1, max-image-preview:large, max-video-preview:-1\" \/>\n<link rel=\"canonical\" href=\"https:\/\/www.turmaden.com\/en\/contract-conditions\/\" \/>\n<meta name=\"twitter:label1\" content=\"Est. reading time\" \/>\n\t<meta name=\"twitter:data1\" content=\"2 minutes\" \/>\n<script type=\"application\/ld+json\" class=\"yoast-schema-graph\">{\"@context\":\"https:\\\/\\\/schema.org\",\"@graph\":[{\"@type\":\"WebPage\",\"@id\":\"https:\\\/\\\/www.turmaden.com\\\/en\\\/contract-conditions\\\/\",\"url\":\"https:\\\/\\\/www.turmaden.com\\\/en\\\/contract-conditions\\\/\",\"name\":\"Contract conditions - Turmad\u00e8n des Capit\u00e0 - Agroturismo Ecol\u00f3gico en Menorca\",\"isPartOf\":{\"@id\":\"https:\\\/\\\/www.turmaden.com\\\/#website\"},\"datePublished\":\"2020-04-28T10:50:47+00:00\",\"breadcrumb\":{\"@id\":\"https:\\\/\\\/www.turmaden.com\\\/en\\\/contract-conditions\\\/#breadcrumb\"},\"inLanguage\":\"en-US\",\"potentialAction\":[{\"@type\":\"ReadAction\",\"target\":[\"https:\\\/\\\/www.turmaden.com\\\/en\\\/contract-conditions\\\/\"]}]},{\"@type\":\"BreadcrumbList\",\"@id\":\"https:\\\/\\\/www.turmaden.com\\\/en\\\/contract-conditions\\\/#breadcrumb\",\"itemListElement\":[{\"@type\":\"ListItem\",\"position\":1,\"name\":\"Portada\",\"item\":\"https:\\\/\\\/www.turmaden.com\\\/en\\\/\"},{\"@type\":\"ListItem\",\"position\":2,\"name\":\"Contract conditions\"}]},{\"@type\":\"WebSite\",\"@id\":\"https:\\\/\\\/www.turmaden.com\\\/#website\",\"url\":\"https:\\\/\\\/www.turmaden.com\\\/\",\"name\":\"Turmad\u00e8n des Capit\u00e0 - Agroturismo Menorca\",\"description\":\"Compromiso con el medio ambiente\",\"publisher\":{\"@id\":\"https:\\\/\\\/www.turmaden.com\\\/#organization\"},\"potentialAction\":[{\"@type\":\"SearchAction\",\"target\":{\"@type\":\"EntryPoint\",\"urlTemplate\":\"https:\\\/\\\/www.turmaden.com\\\/?s={search_term_string}\"},\"query-input\":{\"@type\":\"PropertyValueSpecification\",\"valueRequired\":true,\"valueName\":\"search_term_string\"}}],\"inLanguage\":\"en-US\"},{\"@type\":\"Organization\",\"@id\":\"https:\\\/\\\/www.turmaden.com\\\/#organization\",\"name\":\"Turmad\u00e8n des Capit\u00e0 - Agroturismo Menorca\",\"url\":\"https:\\\/\\\/www.turmaden.com\\\/\",\"logo\":{\"@type\":\"ImageObject\",\"inLanguage\":\"en-US\",\"@id\":\"https:\\\/\\\/www.turmaden.com\\\/#\\\/schema\\\/logo\\\/image\\\/\",\"url\":\"https:\\\/\\\/www.turmaden.com\\\/wp-content\\\/uploads\\\/2020\\\/02\\\/agroturismo-ecologico-menorca-turmaden-1.png\",\"contentUrl\":\"https:\\\/\\\/www.turmaden.com\\\/wp-content\\\/uploads\\\/2020\\\/02\\\/agroturismo-ecologico-menorca-turmaden-1.png\",\"width\":935,\"height\":283,\"caption\":\"Turmad\u00e8n des Capit\u00e0 - Agroturismo Menorca\"},\"image\":{\"@id\":\"https:\\\/\\\/www.turmaden.com\\\/#\\\/schema\\\/logo\\\/image\\\/\"},\"sameAs\":[\"https:\\\/\\\/www.instagram.com\\\/turmaden\\\/\"]}]}<\/script>\n<!-- \/ Yoast SEO plugin. -->","yoast_head_json":{"title":"Contract conditions - Turmad\u00e8n des Capit\u00e0 - Agroturismo Ecol\u00f3gico en Menorca","robots":{"index":"index","follow":"follow","max-snippet":"max-snippet:-1","max-image-preview":"max-image-preview:large","max-video-preview":"max-video-preview:-1"},"canonical":"https:\/\/www.turmaden.com\/en\/contract-conditions\/","twitter_misc":{"Est. reading time":"2 minutes"},"schema":{"@context":"https:\/\/schema.org","@graph":[{"@type":"WebPage","@id":"https:\/\/www.turmaden.com\/en\/contract-conditions\/","url":"https:\/\/www.turmaden.com\/en\/contract-conditions\/","name":"Contract conditions - Turmad\u00e8n des Capit\u00e0 - Agroturismo Ecol\u00f3gico en Menorca","isPartOf":{"@id":"https:\/\/www.turmaden.com\/#website"},"datePublished":"2020-04-28T10:50:47+00:00","breadcrumb":{"@id":"https:\/\/www.turmaden.com\/en\/contract-conditions\/#breadcrumb"},"inLanguage":"en-US","potentialAction":[{"@type":"ReadAction","target":["https:\/\/www.turmaden.com\/en\/contract-conditions\/"]}]},{"@type":"BreadcrumbList","@id":"https:\/\/www.turmaden.com\/en\/contract-conditions\/#breadcrumb","itemListElement":[{"@type":"ListItem","position":1,"name":"Portada","item":"https:\/\/www.turmaden.com\/en\/"},{"@type":"ListItem","position":2,"name":"Contract conditions"}]},{"@type":"WebSite","@id":"https:\/\/www.turmaden.com\/#website","url":"https:\/\/www.turmaden.com\/","name":"Turmad\u00e8n des Capit\u00e0 - Agroturismo Menorca","description":"Compromiso con el medio ambiente","publisher":{"@id":"https:\/\/www.turmaden.com\/#organization"},"potentialAction":[{"@type":"SearchAction","target":{"@type":"EntryPoint","urlTemplate":"https:\/\/www.turmaden.com\/?s={search_term_string}"},"query-input":{"@type":"PropertyValueSpecification","valueRequired":true,"valueName":"search_term_string"}}],"inLanguage":"en-US"},{"@type":"Organization","@id":"https:\/\/www.turmaden.com\/#organization","name":"Turmad\u00e8n des Capit\u00e0 - Agroturismo Menorca","url":"https:\/\/www.turmaden.com\/","logo":{"@type":"ImageObject","inLanguage":"en-US","@id":"https:\/\/www.turmaden.com\/#\/schema\/logo\/image\/","url":"https:\/\/www.turmaden.com\/wp-content\/uploads\/2020\/02\/agroturismo-ecologico-menorca-turmaden-1.png","contentUrl":"https:\/\/www.turmaden.com\/wp-content\/uploads\/2020\/02\/agroturismo-ecologico-menorca-turmaden-1.png","width":935,"height":283,"caption":"Turmad\u00e8n des Capit\u00e0 - Agroturismo Menorca"},"image":{"@id":"https:\/\/www.turmaden.com\/#\/schema\/logo\/image\/"},"sameAs":["https:\/\/www.instagram.com\/turmaden\/"]}]}},"_links":{"self":[{"href":"https:\/\/www.turmaden.com\/en\/wp-json\/wp\/v2\/pages\/3578","targetHints":{"allow":["GET"]}}],"collection":[{"href":"https:\/\/www.turmaden.com\/en\/wp-json\/wp\/v2\/pages"}],"about":[{"href":"https:\/\/www.turmaden.com\/en\/wp-json\/wp\/v2\/types\/page"}],"author":[{"embeddable":true,"href":"https:\/\/www.turmaden.com\/en\/wp-json\/wp\/v2\/users\/5"}],"replies":[{"embeddable":true,"href":"https:\/\/www.turmaden.com\/en\/wp-json\/wp\/v2\/comments?post=3578"}],"version-history":[{"count":1,"href":"https:\/\/www.turmaden.com\/en\/wp-json\/wp\/v2\/pages\/3578\/revisions"}],"predecessor-version":[{"id":3579,"href":"https:\/\/www.turmaden.com\/en\/wp-json\/wp\/v2\/pages\/3578\/revisions\/3579"}],"wp:attachment":[{"href":"https:\/\/www.turmaden.com\/en\/wp-json\/wp\/v2\/media?parent=3578"}],"curies":[{"name":"wp","href":"https:\/\/api.w.org\/{rel}","templated":true}]}}