{"id":3587,"date":"2020-04-28T11:04:28","date_gmt":"2020-04-28T11:04:28","guid":{"rendered":"https:\/\/www.turmaden.com\/privacy-policy\/"},"modified":"2020-04-28T11:04:29","modified_gmt":"2020-04-28T11:04:29","slug":"privacy-policy","status":"publish","type":"page","link":"https:\/\/www.turmaden.com\/en\/privacy-policy\/","title":{"rendered":"Privacy Policy"},"content":{"rendered":"<section class=\"l-section wpb_row us_custom_c1e8dcb4 height_medium\"><div class=\"l-section-h i-cf\"><div class=\"g-cols vc_row via_flex valign_top type_default stacking_default\"><div class=\"vc_col-sm-12 wpb_column vc_column_container us_animate_afb\"><div class=\"vc_column-inner\"><div class=\"wpb_wrapper\"><div class=\"wpb_text_column\"><div class=\"wpb_wrapper\"><p>In compliance with the Organic Law 15\/1999, of December 13, on the Protection of Personal Data (LOPD) and Law 34\/2002, of July 11, on Services of the Information Society and Electronic Commerce ( LSSI-CE) Turmad\u00e8n d&#8217;es Capit\u00e0, SRM, informs users that they have proceeded to create a profile on the Instagram Social Network with the main purpose of advertising their products and services.<\/p>\n<p>Turmad\u00e8n d\u2019es Capit\u00e0, SRM data<br \/>\nE57302069<br \/>\nCtra. D\u2019es Migjorn Km, 1 07730 Alaior (Illes Balears) Spain<br \/>\n<a href=\"mailto:info@turmaden.com\">info@turmaden.com<\/a><br \/>\n<a href=\"http:\/\/www.www.turmaden.com\">www.turmaden.com<\/a><\/p>\n<p>The user has a profile on the same Social Network and has decided to join the page created by Turmad\u00e8n d&#8217;es Capit\u00e0, SRM thus showing interest in the information that is advertised on the Network. By joining our page, you provide us with your consent for the treatment of those personal data published in your profile.<\/p>\n<p>The user can access the privacy policies of the Social Network itself at any time, as well as configure their profile to guarantee their privacy. Turmad\u00e8n d\u2019es Capit\u00e0, SRM has access to and processes that public information of the user, especially his contact name. These data are only used within the Social Network itself. They are not incorporated into any file.<\/p>\n<p>In relation to the rights of access, rectification, cancellation and opposition, which you have and which may be<\/p>\n<p>\u2022 Access: It will be defined by the functionality of the Social Network and the ability to access information from user profiles.<\/p>\n<p>\u2022 Rectification: It can only be satisfied in relation to that information that is under the control of Turmad\u00e8n d\u2019es Capit\u00e0, SRM, for example, deleting comments published on the page itself.<\/p>\n<p>Normally, this right must be exercised before the Social Network.<\/p>\n<p>\u2022 Cancellation and \/ or Opposition: As in the previous case, it can only be satisfied in relation to that information that is under the control of Turmad\u00e8n d\u2019es Capit\u00e0, SRM for example, no longer being linked to the profile.<\/p>\n<p>Turmad\u00e8n d\u2019es Capit\u00e0, SRM will carry out the following actions:<\/p>\n<p>\u2022 Access to public profile information.<\/p>\n<p>\u2022 Publication in the user profile of all the information already published on the Turmad\u00e8n d\u2019es Capit\u00e0, SRM page.<\/p>\n<p>\u2022 Send personal and individual messages through the channels of Social Networks.<\/p>\n<p>\u2022 Updates to the status of the page that will be published in the user&#8217;s profile.<\/p>\n<p>The user can always control their connections, delete content that ceases to interest them and restrict who they share their connections with, for this they must access their privacy settings.<\/p>\n<p><strong>PUBLICATIONS:<\/strong><\/p>\n<p>The user, once linked to the Turmad\u00e8n d\u2019es Capit\u00e0 page, SRM will be able to post comments, links, images or photographs or any other type of multimedia content supported by the Social Network. The user, in all cases, must be the owner thereof, enjoy copyright and intellectual property rights or have the consent of the affected third parties. Any publication on the page, be it texts, graphics, photographs, videos, etc., is expressly prohibited. that violate or are likely to violate morality, ethics, good taste or decorum, and \/ or that infringe, violate or violate intellectual or industrial property rights, the right to image or the Law. In these cases , Turmad\u00e8n d&#8217;es Capit\u00e0, SRM reserves the right to immediately remove the content, being able to request the permanent blocking of the user Turmad\u00e8n d&#8217;es Capit\u00e0, SRM will not be responsible for the contents that a user has freely published. The user must bear in mind that his publications will be known by other users, for which reason he is the main person responsible for their privacy. The images that can be published on the page will not be stored in any file by, Turmad\u00e8n d\u2019es Capit\u00e0, SRM but they will remain on the Social Network.<\/p>\n<p><strong>COMPETITIONS AND PROMOTIONS:<\/strong><\/p>\n<p>Turmad\u00e8n d\u2019es Capit\u00e0, SRM reserves the right to hold contests and promotions, in which the user linked to their page may participate. The bases of each of them, when the Social Network platform is used for this, will be published on it. Always complying with the LSSI-CE and with any other applicable standard. The Social Network does not sponsor, endorse or administer, in any way, any of our promotions, nor is it associated with any of them.<\/p>\n<p><strong>ADVERTISING:<\/strong><\/p>\n<p>Turmad\u00e8n d&#8217;es Capit\u00e0, SRM will use the Social Network to advertise its products and services, in any case, if you decide to process your contact details to carry out direct commercial prospecting actions, it will always be, complying with the legal requirements of the LOPD and the LSSI-CE. Recommending the Turmad\u00e8n d\u2019es Capit\u00e0, SRM page to other users so that they too can enjoy the promotions or be informed of their activity will not be considered advertising. Below we detail the link to the privacy policy of the Social Network: Instagram<\/p>\n<p><a href=\"https:\/\/www.instagram.com\/about\/legal\/privacy\/?hl=es\">https:\/\/www.instagram.com\/about\/legal\/privacy\/?hl=es<\/a><\/p>\n<\/div><\/div><\/div><\/div><\/div><\/div><\/div><\/section>\n","protected":false},"excerpt":{"rendered":"In compliance with the Organic Law 15\/1999, of December 13, on the Protection of Personal Data (LOPD) and Law 34\/2002, of July 11, on Services of the Information Society and Electronic Commerce ( LSSI-CE) Turmad\u00e8n d&#8217;es Capit\u00e0, SRM, informs users that they have proceeded to create a profile on the Instagram Social Network with the...","protected":false},"author":5,"featured_media":0,"parent":0,"menu_order":0,"comment_status":"closed","ping_status":"closed","template":"","meta":{"footnotes":""},"class_list":["post-3587","page","type-page","status-publish","hentry"],"yoast_head":"<!-- This site is optimized with the Yoast SEO plugin v27.6 - https:\/\/yoast.com\/product\/yoast-seo-wordpress\/ -->\n<title>Privacy Policy - Turmad\u00e8n des Capit\u00e0 - Agroturismo Ecol\u00f3gico en Menorca<\/title>\n<meta name=\"robots\" content=\"index, follow, max-snippet:-1, max-image-preview:large, max-video-preview:-1\" \/>\n<link rel=\"canonical\" href=\"https:\/\/www.turmaden.com\/en\/privacy-policy\/\" \/>\n<meta name=\"twitter:label1\" content=\"Est. reading time\" \/>\n\t<meta name=\"twitter:data1\" content=\"4 minutes\" \/>\n<script type=\"application\/ld+json\" class=\"yoast-schema-graph\">{\"@context\":\"https:\\\/\\\/schema.org\",\"@graph\":[{\"@type\":\"WebPage\",\"@id\":\"https:\\\/\\\/www.turmaden.com\\\/en\\\/privacy-policy\\\/\",\"url\":\"https:\\\/\\\/www.turmaden.com\\\/en\\\/privacy-policy\\\/\",\"name\":\"Privacy Policy - Turmad\u00e8n des Capit\u00e0 - Agroturismo Ecol\u00f3gico en Menorca\",\"isPartOf\":{\"@id\":\"https:\\\/\\\/www.turmaden.com\\\/#website\"},\"datePublished\":\"2020-04-28T11:04:28+00:00\",\"dateModified\":\"2020-04-28T11:04:29+00:00\",\"breadcrumb\":{\"@id\":\"https:\\\/\\\/www.turmaden.com\\\/en\\\/privacy-policy\\\/#breadcrumb\"},\"inLanguage\":\"en-US\",\"potentialAction\":[{\"@type\":\"ReadAction\",\"target\":[\"https:\\\/\\\/www.turmaden.com\\\/en\\\/privacy-policy\\\/\"]}]},{\"@type\":\"BreadcrumbList\",\"@id\":\"https:\\\/\\\/www.turmaden.com\\\/en\\\/privacy-policy\\\/#breadcrumb\",\"itemListElement\":[{\"@type\":\"ListItem\",\"position\":1,\"name\":\"Portada\",\"item\":\"https:\\\/\\\/www.turmaden.com\\\/en\\\/\"},{\"@type\":\"ListItem\",\"position\":2,\"name\":\"Privacy Policy\"}]},{\"@type\":\"WebSite\",\"@id\":\"https:\\\/\\\/www.turmaden.com\\\/#website\",\"url\":\"https:\\\/\\\/www.turmaden.com\\\/\",\"name\":\"Turmad\u00e8n des Capit\u00e0 - Agroturismo Menorca\",\"description\":\"Compromiso con el medio ambiente\",\"publisher\":{\"@id\":\"https:\\\/\\\/www.turmaden.com\\\/#organization\"},\"potentialAction\":[{\"@type\":\"SearchAction\",\"target\":{\"@type\":\"EntryPoint\",\"urlTemplate\":\"https:\\\/\\\/www.turmaden.com\\\/?s={search_term_string}\"},\"query-input\":{\"@type\":\"PropertyValueSpecification\",\"valueRequired\":true,\"valueName\":\"search_term_string\"}}],\"inLanguage\":\"en-US\"},{\"@type\":\"Organization\",\"@id\":\"https:\\\/\\\/www.turmaden.com\\\/#organization\",\"name\":\"Turmad\u00e8n des Capit\u00e0 - Agroturismo Menorca\",\"url\":\"https:\\\/\\\/www.turmaden.com\\\/\",\"logo\":{\"@type\":\"ImageObject\",\"inLanguage\":\"en-US\",\"@id\":\"https:\\\/\\\/www.turmaden.com\\\/#\\\/schema\\\/logo\\\/image\\\/\",\"url\":\"https:\\\/\\\/www.turmaden.com\\\/wp-content\\\/uploads\\\/2020\\\/02\\\/agroturismo-ecologico-menorca-turmaden-1.png\",\"contentUrl\":\"https:\\\/\\\/www.turmaden.com\\\/wp-content\\\/uploads\\\/2020\\\/02\\\/agroturismo-ecologico-menorca-turmaden-1.png\",\"width\":935,\"height\":283,\"caption\":\"Turmad\u00e8n des Capit\u00e0 - Agroturismo Menorca\"},\"image\":{\"@id\":\"https:\\\/\\\/www.turmaden.com\\\/#\\\/schema\\\/logo\\\/image\\\/\"},\"sameAs\":[\"https:\\\/\\\/www.instagram.com\\\/turmaden\\\/\"]}]}<\/script>\n<!-- \/ Yoast SEO plugin. -->","yoast_head_json":{"title":"Privacy Policy - Turmad\u00e8n des Capit\u00e0 - Agroturismo Ecol\u00f3gico en Menorca","robots":{"index":"index","follow":"follow","max-snippet":"max-snippet:-1","max-image-preview":"max-image-preview:large","max-video-preview":"max-video-preview:-1"},"canonical":"https:\/\/www.turmaden.com\/en\/privacy-policy\/","twitter_misc":{"Est. reading time":"4 minutes"},"schema":{"@context":"https:\/\/schema.org","@graph":[{"@type":"WebPage","@id":"https:\/\/www.turmaden.com\/en\/privacy-policy\/","url":"https:\/\/www.turmaden.com\/en\/privacy-policy\/","name":"Privacy Policy - Turmad\u00e8n des Capit\u00e0 - Agroturismo Ecol\u00f3gico en Menorca","isPartOf":{"@id":"https:\/\/www.turmaden.com\/#website"},"datePublished":"2020-04-28T11:04:28+00:00","dateModified":"2020-04-28T11:04:29+00:00","breadcrumb":{"@id":"https:\/\/www.turmaden.com\/en\/privacy-policy\/#breadcrumb"},"inLanguage":"en-US","potentialAction":[{"@type":"ReadAction","target":["https:\/\/www.turmaden.com\/en\/privacy-policy\/"]}]},{"@type":"BreadcrumbList","@id":"https:\/\/www.turmaden.com\/en\/privacy-policy\/#breadcrumb","itemListElement":[{"@type":"ListItem","position":1,"name":"Portada","item":"https:\/\/www.turmaden.com\/en\/"},{"@type":"ListItem","position":2,"name":"Privacy Policy"}]},{"@type":"WebSite","@id":"https:\/\/www.turmaden.com\/#website","url":"https:\/\/www.turmaden.com\/","name":"Turmad\u00e8n des Capit\u00e0 - Agroturismo Menorca","description":"Compromiso con el medio ambiente","publisher":{"@id":"https:\/\/www.turmaden.com\/#organization"},"potentialAction":[{"@type":"SearchAction","target":{"@type":"EntryPoint","urlTemplate":"https:\/\/www.turmaden.com\/?s={search_term_string}"},"query-input":{"@type":"PropertyValueSpecification","valueRequired":true,"valueName":"search_term_string"}}],"inLanguage":"en-US"},{"@type":"Organization","@id":"https:\/\/www.turmaden.com\/#organization","name":"Turmad\u00e8n des Capit\u00e0 - Agroturismo Menorca","url":"https:\/\/www.turmaden.com\/","logo":{"@type":"ImageObject","inLanguage":"en-US","@id":"https:\/\/www.turmaden.com\/#\/schema\/logo\/image\/","url":"https:\/\/www.turmaden.com\/wp-content\/uploads\/2020\/02\/agroturismo-ecologico-menorca-turmaden-1.png","contentUrl":"https:\/\/www.turmaden.com\/wp-content\/uploads\/2020\/02\/agroturismo-ecologico-menorca-turmaden-1.png","width":935,"height":283,"caption":"Turmad\u00e8n des Capit\u00e0 - Agroturismo Menorca"},"image":{"@id":"https:\/\/www.turmaden.com\/#\/schema\/logo\/image\/"},"sameAs":["https:\/\/www.instagram.com\/turmaden\/"]}]}},"_links":{"self":[{"href":"https:\/\/www.turmaden.com\/en\/wp-json\/wp\/v2\/pages\/3587","targetHints":{"allow":["GET"]}}],"collection":[{"href":"https:\/\/www.turmaden.com\/en\/wp-json\/wp\/v2\/pages"}],"about":[{"href":"https:\/\/www.turmaden.com\/en\/wp-json\/wp\/v2\/types\/page"}],"author":[{"embeddable":true,"href":"https:\/\/www.turmaden.com\/en\/wp-json\/wp\/v2\/users\/5"}],"replies":[{"embeddable":true,"href":"https:\/\/www.turmaden.com\/en\/wp-json\/wp\/v2\/comments?post=3587"}],"version-history":[{"count":1,"href":"https:\/\/www.turmaden.com\/en\/wp-json\/wp\/v2\/pages\/3587\/revisions"}],"predecessor-version":[{"id":3588,"href":"https:\/\/www.turmaden.com\/en\/wp-json\/wp\/v2\/pages\/3587\/revisions\/3588"}],"wp:attachment":[{"href":"https:\/\/www.turmaden.com\/en\/wp-json\/wp\/v2\/media?parent=3587"}],"curies":[{"name":"wp","href":"https:\/\/api.w.org\/{rel}","templated":true}]}}